{"id":1324,"date":"2022-06-23T14:04:15","date_gmt":"2022-06-23T18:04:15","guid":{"rendered":"https:\/\/www.fmeat.org\/medias\/media-space\/"},"modified":"2025-09-06T17:52:01","modified_gmt":"2025-09-06T21:52:01","slug":"media-space","status":"publish","type":"page","link":"https:\/\/www.fmeat.org\/en\/media-space\/","title":{"rendered":"Media Space"},"content":{"rendered":"\n<h2 class=\"wp-block-heading\">FME 2025 Photo Gallery<\/h2>\n\n\n\n<p>FME 2025: <a href=\"https:\/\/christianleduc.zenfolio.com\/fme2025\" title=\"\">https:\/\/christianleduc.zenfolio.com\/fme2025<\/a><\/p>\n\n\n\n<p>Contact us at info@fmeat.org to get your password.<\/p>\n\n\n\n<h2 class=\"wp-block-heading\">Our press releases<\/h2>\n\n\n\n<p><a href=\"https:\/\/www.fmeat.org\/en\/news\/the-full-2025-lineup-is-here\/\" title=\"\">July 15, 2025<\/a> \u2013 FME unveils the program for its 23nd edition!<\/p>\n\n\n\n<p><a href=\"https:\/\/www.fmeat.org\/en\/news\/le-fme-devoile-la-programmation-de-sa-22e-edition\/\">July 9, 2024<\/a> \u2013 FME unveils the program for its 22nd edition!<\/p>\n\n\n\n<p><a href=\"https:\/\/www.fmeat.org\/en\/news\/la-programmation-officielle-du-fme-2023\/\">July 18, 2023<\/a> \u2013 FME 2023 programming unveiled<\/p>\n\n\n\n<p><a href=\"https:\/\/www.fmeat.org\/en\/news\/the-projects-secrets-of-this-20th-edition\/\">August 16, 2022<\/a> \u2013 The projects secrets of this 20th edition!<\/p>\n\n\n\n<p><a href=\"https:\/\/www.fmeat.org\/en\/news\/fme-celebrates-its-20th-anniversary-and-unveils-its-complete-programming\/\">July 6, 2022<\/a> \u2013 FME celebrates its 20th anniversary and unveils its complete programming!<\/p>\n\n\n\n<p><a href=\"https:\/\/www.fmeat.org\/en\/news\/fme-celebrates-its-20th-anniversary-and-unveils-a-first-wave-of-artists-joining-the-festivities\/\">June 9, 2022<\/a> \u2013 FME celebrates its 20th anniversary and unveils a first wave of artists joining the festivities! <\/p>\n\n\n\n<p><a href=\"https:\/\/www.fmeat.org\/nouvelle\/nouvelles-fme-2021\/\">August 18, 2021<\/a> \u2013 Les derni\u00e8res nouvelles du FME 2021<\/p>\n\n\n\n<p><a href=\"https:\/\/www.fmeat.org\/nouvelle\/fme-2021-aux-aguets-des-nouvelles-musiques-quebecoises-et-canadiennes\/\">July 21, 2021<\/a> \u2013 Le FME 2021 : Aux aguets des nouvelles musiques qu\u00e9b\u00e9coises et canadiennes<\/p>\n\n\n\n<p><a href=\"https:\/\/www.fmeat.org\/nouvelle\/pari-reussi-pour-le-fme-2020\/\">September 6, 2020<\/a> \u2013 Pari r\u00e9ussi pour le FME 2020<\/p>\n\n\n\n<p><a href=\"https:\/\/www.fmeat.org\/nouvelle\/nuits-electros-dj-exterieurs\/\">August 21, 2020<\/a>&nbsp;\u2013 Nuits \u00e9lectros, DJ ext\u00e9rieurs, remplacement d&#8217;un concert et&#8230; nouveaux billets en vente!<\/p>\n\n\n\n<p><a href=\"https:\/\/www.fmeat.org\/nouvelle\/une-edition-2020-speciale-covid-19\/\">August 12, 2020<\/a>&nbsp;\u2013 Une \u00e9dition 2020 sp\u00e9ciale COVID-19 pour c\u00e9l\u00e9brer les artistes et les m\u00e9lomanes<\/p>\n\n\n\n<p><a href=\"https:\/\/www.fmeat.org\/nouvelle\/dear-criminals-micro-spectacle\/\">June 23, 2020<\/a>&nbsp;\u2013 Dear Criminals sera \u00e0 Rouyn pour pr\u00e9senter LONE RIDE un micro spectacle priv\u00e9 d\u2019une chanson, une pr\u00e9sentation de Newmont \u00c9l\u00e9onore<\/p>\n\n\n\n<p><a href=\"https:\/\/www.fmeat.org\/nouvelle\/programmation-17e-edition\/\">July 16, 2019<\/a>&nbsp;\u2013 La programmation de la 17e\u200b \u200b \u00e9dition du FME<\/p>\n\n\n\n<p><a href=\"https:\/\/www.fmeat.org\/nouvelle\/17e-edition-du-fme\/\">May 23, 2019<\/a>&nbsp;\u2013 17e\u200b \u200b \u00e9dition du FME : 3 grands concerts ext\u00e9rieurs et un tout nouveau passeport!<\/p>\n\n\n\n<h2 class=\"wp-block-heading\">See what people are saying about the FME!<\/h2>\n\n\n\n<p>Press review: <a href=\"https:\/\/www.scoop.it\/topic\/fme\">https:\/\/www.scoop.it\/topic\/fme<\/a><\/p>\n\n\n\n<h2 class=\"wp-block-heading\">FME Annual repports<\/h2>\n\n\n<div class=\"liste-fichiers\">\n\n\t\n\t<a href=\"https:\/\/www.fmeat.org\/content\/uploads\/Bilan_annuel_FME_2023.pdf\" target=\"_blank\" class=\"liste-fichiers-element\">2023<i class=\"fas fa-arrow-down\"><\/i><\/a>\n\n\t\n\t<a href=\"https:\/\/www.fmeat.org\/content\/uploads\/FME2022_bilan.pdf\" target=\"_blank\" class=\"liste-fichiers-element\">2022<i class=\"fas fa-arrow-down\"><\/i><\/a>\n\n\t\n\t<a href=\"https:\/\/www.fmeat.org\/content\/uploads\/Bilan_annuel_FME_2021.pdf\" target=\"_blank\" class=\"liste-fichiers-element\">2021<i class=\"fas fa-arrow-down\"><\/i><\/a>\n\n\t\n\t<a href=\"https:\/\/www.fmeat.org\/content\/uploads\/Bilan_annuel_FME_2020.pdf\" target=\"_blank\" class=\"liste-fichiers-element\">2020<i class=\"fas fa-arrow-down\"><\/i><\/a>\n\n\t\n\t<a href=\"https:\/\/www.fmeat.org\/content\/uploads\/Bilan_annuel_FME_2019.pdf\" target=\"_blank\" class=\"liste-fichiers-element\">2019<i class=\"fas fa-arrow-down\"><\/i><\/a>\n\n\t\n\t<a href=\"https:\/\/www.fmeat.org\/content\/uploads\/Bilan_annuel_FME_2018.pdf\" target=\"_blank\" class=\"liste-fichiers-element\">2018<i class=\"fas fa-arrow-down\"><\/i><\/a>\n\n\t\n\t<a href=\"https:\/\/www.fmeat.org\/content\/uploads\/Bilan_annuel_FME_2017.pdf\" target=\"_blank\" class=\"liste-fichiers-element\">2017<i class=\"fas fa-arrow-down\"><\/i><\/a>\n\n\t\n\t<a href=\"https:\/\/www.fmeat.org\/content\/uploads\/Bilan_annuel_FME_2016.pdf\" target=\"_blank\" class=\"liste-fichiers-element\">2016<i class=\"fas fa-arrow-down\"><\/i><\/a>\n\n\t\n\t<a href=\"https:\/\/www.fmeat.org\/content\/uploads\/Bilan_annuel_FME_2015.pdf\" target=\"_blank\" class=\"liste-fichiers-element\">2015<i class=\"fas fa-arrow-down\"><\/i><\/a>\n\n\t\n\t<a href=\"https:\/\/www.fmeat.org\/content\/uploads\/Bilan_annuel_FME_2014.pdf\" target=\"_blank\" class=\"liste-fichiers-element\">2014<i class=\"fas fa-arrow-down\"><\/i><\/a>\n\n\n<\/div>\n\n\n<h2 class=\"wp-block-heading\">Annual Reports Guinguette chez Edmund<\/h2>\n\n\n<div class=\"liste-fichiers\">\n\n\t\n\t<a href=\"https:\/\/www.fmeat.org\/content\/uploads\/GCE2022_bilan.pdf\" target=\"_blank\" class=\"liste-fichiers-element\">2022<i class=\"fas fa-arrow-down\"><\/i><\/a>\n\n\t\n\t<a href=\"https:\/\/www.fmeat.org\/content\/uploads\/Rapport_annuel_guinguette_chez_edmund_2019.pdf\" target=\"_blank\" class=\"liste-fichiers-element\">2019<i class=\"fas fa-arrow-down\"><\/i><\/a>\n\n\n<\/div>\n\n\n<h2 class=\"wp-block-heading\">Annual Reports Poisson Volant<\/h2>\n\n\n<div class=\"liste-fichiers\">\n\n\t\n\t<a href=\"https:\/\/www.fmeat.org\/content\/uploads\/Rapport_annuel_poisson_volant_2021.pdf\" target=\"_blank\" class=\"liste-fichiers-element\">2021<i class=\"fas fa-arrow-down\"><\/i><\/a>\n\n\n<\/div>\n\n\n<h2 class=\"wp-block-heading\">Archives Fanzines<\/h2>\n\n\n<div class=\"liste-fichiers\">\n\n\t\n\t<a href=\"https:\/\/www.fmeat.org\/content\/uploads\/fanzine_FME2013.pdf\" target=\"_blank\" class=\"liste-fichiers-element\">Fanzine FME 2013<i class=\"fas fa-arrow-down\"><\/i><\/a>\n\n\t\n\t<a href=\"https:\/\/www.fmeat.org\/content\/uploads\/fanzine_FME2012.pdf\" target=\"_blank\" class=\"liste-fichiers-element\">Fanzine FME 2012<i class=\"fas fa-arrow-down\"><\/i><\/a>\n\n\t\n\t<a href=\"https:\/\/www.fmeat.org\/content\/uploads\/fanzine_FME2009.pdf\" target=\"_blank\" class=\"liste-fichiers-element\">Fanzine FME 2009<i class=\"fas fa-arrow-down\"><\/i><\/a>\n\n\t\n\t<a href=\"https:\/\/www.fmeat.org\/content\/uploads\/fanzine_FME2007.pdf\" target=\"_blank\" class=\"liste-fichiers-element\">Fanzine FME 2007<i class=\"fas fa-arrow-down\"><\/i><\/a>\n\n\n<\/div>","protected":false},"excerpt":{"rendered":"<p>FME 2025 Photo Gallery FME 2025: https:\/\/christianleduc.zenfolio.com\/fme2025 Contact us at info@fmeat.org to get your password. Our press releases July 15, 2025 \u2013 FME unveils the program for its 23nd edition! July 9, 2024 \u2013 FME unveils the program for its 22nd edition! July 18, 2023 \u2013 FME 2023 programming unveiled August 16, 2022 \u2013 The [&hellip;]<\/p>\n","protected":false},"author":2,"featured_media":0,"parent":0,"menu_order":48,"comment_status":"closed","ping_status":"closed","template":"","meta":{"_acf_changed":false,"slim_seo":{"title":"Media space - FME in Abitibi-T\u00e9miscamingue","description":"Our press releases, see what people are saying about the FME, photo Gallery and FME Annual repports."},"footnotes":""},"class_list":["post-1324","page","type-page","status-publish","hentry"],"acf":[],"meta_box":[],"_links":{"self":[{"href":"https:\/\/www.fmeat.org\/en\/wp-json\/wp\/v2\/pages\/1324","targetHints":{"allow":["GET"]}}],"collection":[{"href":"https:\/\/www.fmeat.org\/en\/wp-json\/wp\/v2\/pages"}],"about":[{"href":"https:\/\/www.fmeat.org\/en\/wp-json\/wp\/v2\/types\/page"}],"author":[{"embeddable":true,"href":"https:\/\/www.fmeat.org\/en\/wp-json\/wp\/v2\/users\/2"}],"replies":[{"embeddable":true,"href":"https:\/\/www.fmeat.org\/en\/wp-json\/wp\/v2\/comments?post=1324"}],"version-history":[{"count":20,"href":"https:\/\/www.fmeat.org\/en\/wp-json\/wp\/v2\/pages\/1324\/revisions"}],"predecessor-version":[{"id":6988,"href":"https:\/\/www.fmeat.org\/en\/wp-json\/wp\/v2\/pages\/1324\/revisions\/6988"}],"wp:attachment":[{"href":"https:\/\/www.fmeat.org\/en\/wp-json\/wp\/v2\/media?parent=1324"}],"curies":[{"name":"wp","href":"https:\/\/api.w.org\/{rel}","templated":true}]}}