{"id":1244,"date":"2022-06-23T14:16:09","date_gmt":"2022-06-23T18:16:09","guid":{"rendered":"https:\/\/www.fmeat.org\/volunteers\/"},"modified":"2025-07-29T09:01:00","modified_gmt":"2025-07-29T13:01:00","slug":"volunteers","status":"publish","type":"page","link":"https:\/\/www.fmeat.org\/en\/volunteers\/","title":{"rendered":"Volunteers"},"content":{"rendered":"\n<h2 class=\"wp-block-heading\">What could be better than volunteering in a festive environment?<\/h2>\n\n\n\n<p><strong>Want to get involved and experience FME from the inside?<\/strong><br>Join our volunteer team! There are several positions available \u2014 there\u2019s a place for everyone. It\u2019s also a great opportunity for team building in a unique atmosphere.<\/p>\n\n\n\n<p>\ud83c\udf89 Guaranteed fun<br>\ud83c\udf9f\ufe0f Tickets to shows<br>\u2615 Access to the volunteer lounge<\/p>\n\n\n\n<p>Got questions? Write to us at: <a>benevoles@fmeat.org<\/a><\/p>\n\n\n\n<p><\/p>\n\n\n    <a href=\"https:\/\/event.recrewteer.com\/v2\/organization\/2182\/event\/6593\/form\/11689?lang=fr\" target=\"_blank\" style=\"text-decoration: none;\">\r\n    <div id=\"zone-top-billets-bouton-rond\" class=\"anim-anneau-zoom bouton-weezevent\" data-id=\"5f1d36723d1cc09733f771c389de6dec\">\r\n        <div id=\"zone-top-billets-bouton-rond-inner\">\r\n            <div id=\"zone-top-billets-bouton-rond-l2\">Sign up here!<\/div>\r\n                                <\/div>\r\n    <\/div>\r\n    <\/a>\r\n","protected":false},"excerpt":{"rendered":"<p>What could be better than volunteering in a festive environment? Want to get involved and experience FME from the inside?Join our volunteer team! There are several positions available \u2014 there\u2019s a place for everyone. It\u2019s also a great opportunity for team building in a unique atmosphere. \ud83c\udf89 Guaranteed fun\ud83c\udf9f\ufe0f Tickets to shows\u2615 Access to the [&hellip;]<\/p>\n","protected":false},"author":2,"featured_media":0,"parent":0,"menu_order":65,"comment_status":"closed","ping_status":"closed","template":"","meta":{"_acf_changed":true,"slim_seo":{"title":"B\u00e9n\u00e9volat - FME en Abitibi-T\u00e9miscamingue","description":"Tu aimerais t'impliquer et faire du b\u00e9n\u00e9volat pour le FME?"},"footnotes":""},"class_list":["post-1244","page","type-page","status-publish","hentry"],"acf":[],"meta_box":[],"_links":{"self":[{"href":"https:\/\/www.fmeat.org\/en\/wp-json\/wp\/v2\/pages\/1244","targetHints":{"allow":["GET"]}}],"collection":[{"href":"https:\/\/www.fmeat.org\/en\/wp-json\/wp\/v2\/pages"}],"about":[{"href":"https:\/\/www.fmeat.org\/en\/wp-json\/wp\/v2\/types\/page"}],"author":[{"embeddable":true,"href":"https:\/\/www.fmeat.org\/en\/wp-json\/wp\/v2\/users\/2"}],"replies":[{"embeddable":true,"href":"https:\/\/www.fmeat.org\/en\/wp-json\/wp\/v2\/comments?post=1244"}],"version-history":[{"count":20,"href":"https:\/\/www.fmeat.org\/en\/wp-json\/wp\/v2\/pages\/1244\/revisions"}],"predecessor-version":[{"id":6789,"href":"https:\/\/www.fmeat.org\/en\/wp-json\/wp\/v2\/pages\/1244\/revisions\/6789"}],"wp:attachment":[{"href":"https:\/\/www.fmeat.org\/en\/wp-json\/wp\/v2\/media?parent=1244"}],"curies":[{"name":"wp","href":"https:\/\/api.w.org\/{rel}","templated":true}]}}